{"id":299,"date":"2020-11-16T10:49:26","date_gmt":"2020-11-16T09:49:26","guid":{"rendered":"https:\/\/smoothstar.cl\/?post_type=product&#038;p=299"},"modified":"2022-08-10T23:41:10","modified_gmt":"2022-08-11T03:41:10","slug":"thruster-spring","status":"publish","type":"product","link":"https:\/\/smoothstar.cl\/es\/producto\/thruster-spring\/","title":{"rendered":"Thruster Compression Spring"},"content":{"rendered":"","protected":false},"excerpt":{"rendered":"<p>El muelle Thruster se utiliza para a\u00f1adir resistencia a los giros realizados por el piloto. Los muelles que utilizamos son lo suficientemente flojos para giros cerrados pero lo suficientemente fuertes para no romperse. Los muelles SmoothStar no se rompen. Los muelles SmoothStar est\u00e1n dise\u00f1ados para comprimirse de 2 a 5 mm despu\u00e9s de unas 20 horas de uso. Los muelles SmoothStar no est\u00e1n dise\u00f1ados para ser sustituidos y nunca deben apretarse en exceso para que la tabla sea demasiado dif\u00edcil de girar.<\/p>","protected":false},"featured_media":0,"template":"","meta":[],"product_cat":[38],"product_tag":[],"acf":[],"yoast_head":"<!-- This site is optimized with the Yoast SEO plugin v20.2 - https:\/\/yoast.com\/wordpress\/plugins\/seo\/ -->\n<title>Thruster Compression Spring | SmoothStar Chile<\/title>\n<meta name=\"robots\" content=\"index, follow, max-snippet:-1, max-image-preview:large, max-video-preview:-1\" \/>\n<link rel=\"canonical\" href=\"https:\/\/chile.tempurl.host\/product\/thruster-spring\/\" \/>\n<meta property=\"og:locale\" content=\"es_ES\" \/>\n<meta property=\"og:type\" content=\"article\" \/>\n<meta property=\"og:title\" content=\"Thruster Compression Spring | SmoothStar Chile\" \/>\n<meta property=\"og:description\" content=\"The Thruster spring is used to add resistance to turns made by the rider. The springs we use are loose enough for tight turns but strong enough not to break. SmoothStar springs do not break. SmoothStar springs are designed to compress 2 - 5mm after about 20 hours of riding. SmoothStar springs are not designed to be replaced and should never be overtightened so that board is too hard to turn.\" \/>\n<meta property=\"og:url\" content=\"https:\/\/chile.tempurl.host\/product\/thruster-spring\/\" \/>\n<meta property=\"og:site_name\" content=\"SmoothStar Chile\" \/>\n<meta property=\"article:publisher\" content=\"https:\/\/www.facebook.com\/smoothstarskate\/\" \/>\n<meta property=\"article:modified_time\" content=\"2022-08-11T03:41:10+00:00\" \/>\n<meta name=\"twitter:card\" content=\"summary_large_image\" \/>\n<script type=\"application\/ld+json\" class=\"yoast-schema-graph\">{\"@context\":\"https:\/\/schema.org\",\"@graph\":[{\"@type\":\"WebPage\",\"@id\":\"https:\/\/chile.tempurl.host\/product\/thruster-spring\/\",\"url\":\"https:\/\/chile.tempurl.host\/product\/thruster-spring\/\",\"name\":\"Thruster Compression Spring | SmoothStar Chile\",\"isPartOf\":{\"@id\":\"https:\/\/chile.tempurl.host\/#website\"},\"datePublished\":\"2020-11-16T09:49:26+00:00\",\"dateModified\":\"2022-08-11T03:41:10+00:00\",\"breadcrumb\":{\"@id\":\"https:\/\/chile.tempurl.host\/product\/thruster-spring\/#breadcrumb\"},\"inLanguage\":\"es-CL\",\"potentialAction\":[{\"@type\":\"ReadAction\",\"target\":[\"https:\/\/chile.tempurl.host\/product\/thruster-spring\/\"]}]},{\"@type\":\"BreadcrumbList\",\"@id\":\"https:\/\/chile.tempurl.host\/product\/thruster-spring\/#breadcrumb\",\"itemListElement\":[{\"@type\":\"ListItem\",\"position\":1,\"name\":\"Home\",\"item\":\"https:\/\/chile.tempurl.host\/\"},{\"@type\":\"ListItem\",\"position\":2,\"name\":\"Shop\",\"item\":\"https:\/\/chile.tempurl.host\/shop\/\"},{\"@type\":\"ListItem\",\"position\":3,\"name\":\"Thruster Compression Spring\"}]},{\"@type\":\"WebSite\",\"@id\":\"https:\/\/chile.tempurl.host\/#website\",\"url\":\"https:\/\/chile.tempurl.host\/\",\"name\":\"SmoothStar Chile\",\"description\":\"Chile\",\"publisher\":{\"@id\":\"https:\/\/chile.tempurl.host\/#organization\"},\"potentialAction\":[{\"@type\":\"SearchAction\",\"target\":{\"@type\":\"EntryPoint\",\"urlTemplate\":\"https:\/\/chile.tempurl.host\/?s={search_term_string}\"},\"query-input\":\"required name=search_term_string\"}],\"inLanguage\":\"es-CL\"},{\"@type\":\"Organization\",\"@id\":\"https:\/\/chile.tempurl.host\/#organization\",\"name\":\"SmoothStar Europe s.r.o.\",\"url\":\"https:\/\/chile.tempurl.host\/\",\"logo\":{\"@type\":\"ImageObject\",\"inLanguage\":\"es-CL\",\"@id\":\"https:\/\/chile.tempurl.host\/#\/schema\/logo\/image\/\",\"url\":\"https:\/\/smoothstar.cl\/wp-content\/uploads\/2021\/05\/smoothstar-square-pixel.png\",\"contentUrl\":\"https:\/\/smoothstar.cl\/wp-content\/uploads\/2021\/05\/smoothstar-square-pixel.png\",\"width\":512,\"height\":512,\"caption\":\"SmoothStar Europe s.r.o.\"},\"image\":{\"@id\":\"https:\/\/chile.tempurl.host\/#\/schema\/logo\/image\/\"},\"sameAs\":[\"https:\/\/www.facebook.com\/smoothstarskate\/\",\"https:\/\/www.instagram.com\/smoothstar\/\",\"https:\/\/www.youtube.com\/channel\/UCVqOqnZWdnEkF75C-27ApnQ\"]}]}<\/script>\n<!-- \/ Yoast SEO plugin. -->","yoast_head_json":{"title":"Thruster Compression Spring | SmoothStar Chile","robots":{"index":"index","follow":"follow","max-snippet":"max-snippet:-1","max-image-preview":"max-image-preview:large","max-video-preview":"max-video-preview:-1"},"canonical":"https:\/\/chile.tempurl.host\/product\/thruster-spring\/","og_locale":"es_ES","og_type":"article","og_title":"Thruster Compression Spring | SmoothStar Chile","og_description":"The Thruster spring is used to add resistance to turns made by the rider. The springs we use are loose enough for tight turns but strong enough not to break. SmoothStar springs do not break. SmoothStar springs are designed to compress 2 - 5mm after about 20 hours of riding. SmoothStar springs are not designed to be replaced and should never be overtightened so that board is too hard to turn.","og_url":"https:\/\/chile.tempurl.host\/product\/thruster-spring\/","og_site_name":"SmoothStar Chile","article_publisher":"https:\/\/www.facebook.com\/smoothstarskate\/","article_modified_time":"2022-08-11T03:41:10+00:00","twitter_card":"summary_large_image","schema":{"@context":"https:\/\/schema.org","@graph":[{"@type":"WebPage","@id":"https:\/\/chile.tempurl.host\/product\/thruster-spring\/","url":"https:\/\/chile.tempurl.host\/product\/thruster-spring\/","name":"Thruster Compression Spring | SmoothStar Chile","isPartOf":{"@id":"https:\/\/chile.tempurl.host\/#website"},"datePublished":"2020-11-16T09:49:26+00:00","dateModified":"2022-08-11T03:41:10+00:00","breadcrumb":{"@id":"https:\/\/chile.tempurl.host\/product\/thruster-spring\/#breadcrumb"},"inLanguage":"es-CL","potentialAction":[{"@type":"ReadAction","target":["https:\/\/chile.tempurl.host\/product\/thruster-spring\/"]}]},{"@type":"BreadcrumbList","@id":"https:\/\/chile.tempurl.host\/product\/thruster-spring\/#breadcrumb","itemListElement":[{"@type":"ListItem","position":1,"name":"Home","item":"https:\/\/chile.tempurl.host\/"},{"@type":"ListItem","position":2,"name":"Shop","item":"https:\/\/chile.tempurl.host\/shop\/"},{"@type":"ListItem","position":3,"name":"Thruster Compression Spring"}]},{"@type":"WebSite","@id":"https:\/\/chile.tempurl.host\/#website","url":"https:\/\/chile.tempurl.host\/","name":"SmoothStar Chile","description":"Chile","publisher":{"@id":"https:\/\/chile.tempurl.host\/#organization"},"potentialAction":[{"@type":"SearchAction","target":{"@type":"EntryPoint","urlTemplate":"https:\/\/chile.tempurl.host\/?s={search_term_string}"},"query-input":"required name=search_term_string"}],"inLanguage":"es-CL"},{"@type":"Organization","@id":"https:\/\/chile.tempurl.host\/#organization","name":"SmoothStar Europe s.r.o.","url":"https:\/\/chile.tempurl.host\/","logo":{"@type":"ImageObject","inLanguage":"es-CL","@id":"https:\/\/chile.tempurl.host\/#\/schema\/logo\/image\/","url":"https:\/\/smoothstar.cl\/wp-content\/uploads\/2021\/05\/smoothstar-square-pixel.png","contentUrl":"https:\/\/smoothstar.cl\/wp-content\/uploads\/2021\/05\/smoothstar-square-pixel.png","width":512,"height":512,"caption":"SmoothStar Europe s.r.o."},"image":{"@id":"https:\/\/chile.tempurl.host\/#\/schema\/logo\/image\/"},"sameAs":["https:\/\/www.facebook.com\/smoothstarskate\/","https:\/\/www.instagram.com\/smoothstar\/","https:\/\/www.youtube.com\/channel\/UCVqOqnZWdnEkF75C-27ApnQ"]}]}},"_links":{"self":[{"href":"https:\/\/smoothstar.cl\/es\/wp-json\/wp\/v2\/product\/299"}],"collection":[{"href":"https:\/\/smoothstar.cl\/es\/wp-json\/wp\/v2\/product"}],"about":[{"href":"https:\/\/smoothstar.cl\/es\/wp-json\/wp\/v2\/types\/product"}],"wp:attachment":[{"href":"https:\/\/smoothstar.cl\/es\/wp-json\/wp\/v2\/media?parent=299"}],"wp:term":[{"taxonomy":"product_cat","embeddable":true,"href":"https:\/\/smoothstar.cl\/es\/wp-json\/wp\/v2\/product_cat?post=299"},{"taxonomy":"product_tag","embeddable":true,"href":"https:\/\/smoothstar.cl\/es\/wp-json\/wp\/v2\/product_tag?post=299"}],"curies":[{"name":"wp","href":"https:\/\/api.w.org\/{rel}","templated":true}]}}