{"id":17054,"date":"2022-12-11T13:24:06","date_gmt":"2022-12-11T16:24:06","guid":{"rendered":"https:\/\/smoothstar.cl\/product\/34%e2%80%b3-connor-oleary-thd\/"},"modified":"2026-03-07T10:10:56","modified_gmt":"2026-03-07T13:10:56","slug":"34%e2%80%b3-connor-oleary-thd","status":"publish","type":"product","link":"https:\/\/smoothstar.cl\/es\/producto\/34%e2%80%b3-connor-oleary-thd\/","title":{"rendered":"34,5\u2033 Demo Manta Ray THD"},"content":{"rendered":"","protected":false},"excerpt":{"rendered":"<p><strong>\u00bfEs este SmoothStar adecuado para m\u00ed?<\/strong><\/p>\n<p>La Conner O'Leary de 34\" es adecuada para surfistas adultos de 1,80 a 1,90 m de estatura. La 34\" Connor O'Leary es el modelo de la firma del surfista mundial Top 10 Connor O'Leary. La 34\" tiene un c\u00f3ncavo profundo y es adecuada para surfistas que desean empujar con fuerza a trav\u00e9s del ra\u00edl. La Connor O'Leary de 34\" tiene un modelo m\u00e1s peque\u00f1o de 31\" que es m\u00e1s peque\u00f1o en dimensiones para los adultos o adolescentes m\u00e1s peque\u00f1os.<\/p>","protected":false},"featured_media":60813,"template":"","meta":[],"product_cat":[184,17,176,173],"product_tag":[],"acf":[],"yoast_head":"<!-- This site is optimized with the Yoast SEO plugin v20.2 - https:\/\/yoast.com\/wordpress\/plugins\/seo\/ -->\n<title>34,5\u2033 Demo Manta Ray THD | SmoothStar Chile<\/title>\n<meta name=\"robots\" content=\"index, follow, max-snippet:-1, max-image-preview:large, max-video-preview:-1\" \/>\n<link rel=\"canonical\" href=\"https:\/\/smoothstar.cl\/es\/producto\/34\u2033-connor-oleary-thd\/\" \/>\n<meta property=\"og:locale\" content=\"es_ES\" \/>\n<meta property=\"og:type\" content=\"article\" \/>\n<meta property=\"og:title\" content=\"34,5\u2033 Demo Manta Ray THD | SmoothStar Chile\" \/>\n<meta property=\"og:description\" content=\"Is this SmoothStar right for me?  The 34\u201d Conner O&#039;Leary is suited to adult surfers 6&#039; - 6&#039;2&quot; in height. The 34\u201d Connor O&#039;Leary is signature model of World Top 10 surfer Connor O&#039;Leary. The 34\u201d has a deep concave and is suited to surfers who wish to push hard through the rail. The 34\u201d Connor O&#039;Leary has a smaller model 31&quot; which is smaller in dimensions for the smaller adults or teenagers.\" \/>\n<meta property=\"og:url\" content=\"https:\/\/smoothstar.cl\/es\/producto\/34\u2033-connor-oleary-thd\/\" \/>\n<meta property=\"og:site_name\" content=\"SmoothStar Chile\" \/>\n<meta property=\"article:publisher\" content=\"https:\/\/www.facebook.com\/smoothstarskate\/\" \/>\n<meta property=\"article:modified_time\" content=\"2026-03-07T13:10:56+00:00\" \/>\n<meta property=\"og:image\" content=\"https:\/\/smoothstar.cl\/wp-content\/uploads\/2022\/12\/defay-demo.jpeg\" \/>\n\t<meta property=\"og:image:width\" content=\"1325\" \/>\n\t<meta property=\"og:image:height\" content=\"1941\" \/>\n\t<meta property=\"og:image:type\" content=\"image\/jpeg\" \/>\n<meta name=\"twitter:card\" content=\"summary_large_image\" \/>\n<script type=\"application\/ld+json\" class=\"yoast-schema-graph\">{\"@context\":\"https:\/\/schema.org\",\"@graph\":[{\"@type\":\"WebPage\",\"@id\":\"https:\/\/smoothstar.cl\/product\/34%e2%80%b3-connor-oleary-thd\/\",\"url\":\"https:\/\/smoothstar.cl\/product\/34%e2%80%b3-connor-oleary-thd\/\",\"name\":\"34,5\u2033 Demo Manta Ray THD | SmoothStar Chile\",\"isPartOf\":{\"@id\":\"https:\/\/chile.tempurl.host\/#website\"},\"datePublished\":\"2022-12-11T16:24:06+00:00\",\"dateModified\":\"2026-03-07T13:10:56+00:00\",\"breadcrumb\":{\"@id\":\"https:\/\/smoothstar.cl\/product\/34%e2%80%b3-connor-oleary-thd\/#breadcrumb\"},\"inLanguage\":\"es-CL\",\"potentialAction\":[{\"@type\":\"ReadAction\",\"target\":[\"https:\/\/smoothstar.cl\/product\/34%e2%80%b3-connor-oleary-thd\/\"]}]},{\"@type\":\"BreadcrumbList\",\"@id\":\"https:\/\/smoothstar.cl\/product\/34%e2%80%b3-connor-oleary-thd\/#breadcrumb\",\"itemListElement\":[{\"@type\":\"ListItem\",\"position\":1,\"name\":\"Home\",\"item\":\"https:\/\/chile.tempurl.host\/\"},{\"@type\":\"ListItem\",\"position\":2,\"name\":\"Shop\",\"item\":\"https:\/\/chile.tempurl.host\/shop\/\"},{\"@type\":\"ListItem\",\"position\":3,\"name\":\"34,5\u2033 Demo Manta Ray THD\"}]},{\"@type\":\"WebSite\",\"@id\":\"https:\/\/chile.tempurl.host\/#website\",\"url\":\"https:\/\/chile.tempurl.host\/\",\"name\":\"SmoothStar Chile\",\"description\":\"Chile\",\"publisher\":{\"@id\":\"https:\/\/chile.tempurl.host\/#organization\"},\"potentialAction\":[{\"@type\":\"SearchAction\",\"target\":{\"@type\":\"EntryPoint\",\"urlTemplate\":\"https:\/\/chile.tempurl.host\/?s={search_term_string}\"},\"query-input\":\"required name=search_term_string\"}],\"inLanguage\":\"es-CL\"},{\"@type\":\"Organization\",\"@id\":\"https:\/\/chile.tempurl.host\/#organization\",\"name\":\"SmoothStar Europe s.r.o.\",\"url\":\"https:\/\/chile.tempurl.host\/\",\"logo\":{\"@type\":\"ImageObject\",\"inLanguage\":\"es-CL\",\"@id\":\"https:\/\/chile.tempurl.host\/#\/schema\/logo\/image\/\",\"url\":\"https:\/\/smoothstar.cl\/wp-content\/uploads\/2021\/05\/smoothstar-square-pixel.png\",\"contentUrl\":\"https:\/\/smoothstar.cl\/wp-content\/uploads\/2021\/05\/smoothstar-square-pixel.png\",\"width\":512,\"height\":512,\"caption\":\"SmoothStar Europe s.r.o.\"},\"image\":{\"@id\":\"https:\/\/chile.tempurl.host\/#\/schema\/logo\/image\/\"},\"sameAs\":[\"https:\/\/www.facebook.com\/smoothstarskate\/\",\"https:\/\/www.instagram.com\/smoothstar\/\",\"https:\/\/www.youtube.com\/channel\/UCVqOqnZWdnEkF75C-27ApnQ\"]}]}<\/script>\n<!-- \/ Yoast SEO plugin. -->","yoast_head_json":{"title":"34,5\u2033 Demo Manta Ray THD | SmoothStar Chile","robots":{"index":"index","follow":"follow","max-snippet":"max-snippet:-1","max-image-preview":"max-image-preview:large","max-video-preview":"max-video-preview:-1"},"canonical":"https:\/\/smoothstar.cl\/es\/producto\/34\u2033-connor-oleary-thd\/","og_locale":"es_ES","og_type":"article","og_title":"34,5\u2033 Demo Manta Ray THD | SmoothStar Chile","og_description":"Is this SmoothStar right for me?  The 34\u201d Conner O'Leary is suited to adult surfers 6' - 6'2\" in height. The 34\u201d Connor O'Leary is signature model of World Top 10 surfer Connor O'Leary. The 34\u201d has a deep concave and is suited to surfers who wish to push hard through the rail. The 34\u201d Connor O'Leary has a smaller model 31\" which is smaller in dimensions for the smaller adults or teenagers.","og_url":"https:\/\/smoothstar.cl\/es\/producto\/34\u2033-connor-oleary-thd\/","og_site_name":"SmoothStar Chile","article_publisher":"https:\/\/www.facebook.com\/smoothstarskate\/","article_modified_time":"2026-03-07T13:10:56+00:00","og_image":[{"width":1325,"height":1941,"url":"https:\/\/smoothstar.cl\/wp-content\/uploads\/2022\/12\/defay-demo.jpeg","type":"image\/jpeg"}],"twitter_card":"summary_large_image","schema":{"@context":"https:\/\/schema.org","@graph":[{"@type":"WebPage","@id":"https:\/\/smoothstar.cl\/product\/34%e2%80%b3-connor-oleary-thd\/","url":"https:\/\/smoothstar.cl\/product\/34%e2%80%b3-connor-oleary-thd\/","name":"34,5\u2033 Demo Manta Ray THD | SmoothStar Chile","isPartOf":{"@id":"https:\/\/chile.tempurl.host\/#website"},"datePublished":"2022-12-11T16:24:06+00:00","dateModified":"2026-03-07T13:10:56+00:00","breadcrumb":{"@id":"https:\/\/smoothstar.cl\/product\/34%e2%80%b3-connor-oleary-thd\/#breadcrumb"},"inLanguage":"es-CL","potentialAction":[{"@type":"ReadAction","target":["https:\/\/smoothstar.cl\/product\/34%e2%80%b3-connor-oleary-thd\/"]}]},{"@type":"BreadcrumbList","@id":"https:\/\/smoothstar.cl\/product\/34%e2%80%b3-connor-oleary-thd\/#breadcrumb","itemListElement":[{"@type":"ListItem","position":1,"name":"Home","item":"https:\/\/chile.tempurl.host\/"},{"@type":"ListItem","position":2,"name":"Shop","item":"https:\/\/chile.tempurl.host\/shop\/"},{"@type":"ListItem","position":3,"name":"34,5\u2033 Demo Manta Ray THD"}]},{"@type":"WebSite","@id":"https:\/\/chile.tempurl.host\/#website","url":"https:\/\/chile.tempurl.host\/","name":"SmoothStar Chile","description":"Chile","publisher":{"@id":"https:\/\/chile.tempurl.host\/#organization"},"potentialAction":[{"@type":"SearchAction","target":{"@type":"EntryPoint","urlTemplate":"https:\/\/chile.tempurl.host\/?s={search_term_string}"},"query-input":"required name=search_term_string"}],"inLanguage":"es-CL"},{"@type":"Organization","@id":"https:\/\/chile.tempurl.host\/#organization","name":"SmoothStar Europe s.r.o.","url":"https:\/\/chile.tempurl.host\/","logo":{"@type":"ImageObject","inLanguage":"es-CL","@id":"https:\/\/chile.tempurl.host\/#\/schema\/logo\/image\/","url":"https:\/\/smoothstar.cl\/wp-content\/uploads\/2021\/05\/smoothstar-square-pixel.png","contentUrl":"https:\/\/smoothstar.cl\/wp-content\/uploads\/2021\/05\/smoothstar-square-pixel.png","width":512,"height":512,"caption":"SmoothStar Europe s.r.o."},"image":{"@id":"https:\/\/chile.tempurl.host\/#\/schema\/logo\/image\/"},"sameAs":["https:\/\/www.facebook.com\/smoothstarskate\/","https:\/\/www.instagram.com\/smoothstar\/","https:\/\/www.youtube.com\/channel\/UCVqOqnZWdnEkF75C-27ApnQ"]}]}},"_links":{"self":[{"href":"https:\/\/smoothstar.cl\/es\/wp-json\/wp\/v2\/product\/17054"}],"collection":[{"href":"https:\/\/smoothstar.cl\/es\/wp-json\/wp\/v2\/product"}],"about":[{"href":"https:\/\/smoothstar.cl\/es\/wp-json\/wp\/v2\/types\/product"}],"wp:featuredmedia":[{"embeddable":true,"href":"https:\/\/smoothstar.cl\/es\/wp-json\/wp\/v2\/media\/60813"}],"wp:attachment":[{"href":"https:\/\/smoothstar.cl\/es\/wp-json\/wp\/v2\/media?parent=17054"}],"wp:term":[{"taxonomy":"product_cat","embeddable":true,"href":"https:\/\/smoothstar.cl\/es\/wp-json\/wp\/v2\/product_cat?post=17054"},{"taxonomy":"product_tag","embeddable":true,"href":"https:\/\/smoothstar.cl\/es\/wp-json\/wp\/v2\/product_tag?post=17054"}],"curies":[{"name":"wp","href":"https:\/\/api.w.org\/{rel}","templated":true}]}}