{"id":17020,"date":"2022-12-11T13:01:46","date_gmt":"2022-12-11T16:01:46","guid":{"rendered":"https:\/\/smoothstar.cl\/product\/32-5%e2%80%b3-filipe-toledo-77-thd\/"},"modified":"2025-12-18T10:41:05","modified_gmt":"2025-12-18T13:41:05","slug":"32-5%e2%80%b3-filipe-toledo-77-thd","status":"publish","type":"product","link":"https:\/\/smoothstar.cl\/es\/producto\/32-5%e2%80%b3-filipe-toledo-77-thd\/","title":{"rendered":"32.5\u2033 Filipe Toledo #77 THD"},"content":{"rendered":"<p>Filipe was 16 years of age when he first rode SmoothStar. We developed a very popular model for him when was 17 called the Holy Toledo. Since then, Filipe has developed physically and is stronger and more powerful in his surfing. To match this power, we have added more concave in the deck and made the back wheels slightly bigger for extra hold through the turns. Riders of the new Toledo #77 can now push even harder through their rail turns and perform deep bottom turns. The board would suit surfers around the 5\"8' to 6\". Groms can still ride it but it will provide them with more drive, just like a bigger surfboard that they might surf.<\/p>\n<p>Added to the new Toledo #77 is Filipe\u2019s \u201c77\u201d wheels. The back is 2mm wider to hold the turns but loosens up the front of the board.<\/p>","protected":false},"excerpt":{"rendered":"<p><strong>\u00bfEs este SmoothStar adecuado para m\u00ed?<\/strong><\/p>\n<p>El modelo Toledo 77 de 32,5\u2033 es perfecto para surfistas de entre 5\u20336\u2032 (167 cm) y 6\u2033 (182 cm) de altura. Aguantar\u00e1 los giros sobre ra\u00edles sin deslizarse para surfistas que pesen menos de 85kg. Tiene el c\u00f3ncavo m\u00e1s profundo en la cubierta que proporciona m\u00e1s capacidad para sostener el carril al tallar. Comparte el mismo c\u00f3ncavo que los modelos de 31,5\u2033 y 34,5\u2033.<\/p>","protected":false},"featured_media":16413,"template":"","meta":[],"product_cat":[181,17,176,173],"product_tag":[],"acf":[],"yoast_head":"<!-- This site is optimized with the Yoast SEO plugin v20.2 - https:\/\/yoast.com\/wordpress\/plugins\/seo\/ -->\n<title>32.5\u2033 Filipe Toledo #77 THD | SmoothStar Chile<\/title>\n<meta name=\"robots\" content=\"index, follow, max-snippet:-1, max-image-preview:large, max-video-preview:-1\" \/>\n<link rel=\"canonical\" href=\"https:\/\/smoothstar.cl\/es\/producto\/32-5\u2033-filipe-toledo-77-thd\/\" \/>\n<meta property=\"og:locale\" content=\"es_ES\" \/>\n<meta property=\"og:type\" content=\"article\" \/>\n<meta property=\"og:title\" content=\"32.5\u2033 Filipe Toledo #77 THD | SmoothStar Chile\" \/>\n<meta property=\"og:description\" content=\"Is this SmoothStar right for me?  The 32.5\u2033 Toledo 77 model is perfect for surfers around the 5\u20336\u2032 (167cm) to 6\u2033 (182cm) in height.. It will hold rail turns without sliding out for surfers that are under 85kg. It has the deeper concave in the deck which provides more ability to hold the rail when carving. It shares the same concave as the 31.5\u2033 and 34.5\u2033 models.\" \/>\n<meta property=\"og:url\" content=\"https:\/\/smoothstar.cl\/es\/producto\/32-5\u2033-filipe-toledo-77-thd\/\" \/>\n<meta property=\"og:site_name\" content=\"SmoothStar Chile\" \/>\n<meta property=\"article:publisher\" content=\"https:\/\/www.facebook.com\/smoothstarskate\/\" \/>\n<meta property=\"article:modified_time\" content=\"2025-12-18T13:41:05+00:00\" \/>\n<meta property=\"og:image\" content=\"https:\/\/smoothstar.cl\/wp-content\/uploads\/2023\/02\/LR_smoothstar_surfskate_surf_trainer_32_5_filipe_toledo_77_HR.jpg\" \/>\n\t<meta property=\"og:image:width\" content=\"1600\" \/>\n\t<meta property=\"og:image:height\" content=\"1600\" \/>\n\t<meta property=\"og:image:type\" content=\"image\/jpeg\" \/>\n<meta name=\"twitter:card\" content=\"summary_large_image\" \/>\n<meta name=\"twitter:label1\" content=\"Est. reading time\" \/>\n\t<meta name=\"twitter:data1\" content=\"1 minuto\" \/>\n<script type=\"application\/ld+json\" class=\"yoast-schema-graph\">{\"@context\":\"https:\/\/schema.org\",\"@graph\":[{\"@type\":\"WebPage\",\"@id\":\"https:\/\/smoothstar.cl\/product\/32-5%e2%80%b3-filipe-toledo-77-thd\/\",\"url\":\"https:\/\/smoothstar.cl\/product\/32-5%e2%80%b3-filipe-toledo-77-thd\/\",\"name\":\"32.5\u2033 Filipe Toledo #77 THD | SmoothStar Chile\",\"isPartOf\":{\"@id\":\"https:\/\/chile.tempurl.host\/#website\"},\"datePublished\":\"2022-12-11T16:01:46+00:00\",\"dateModified\":\"2025-12-18T13:41:05+00:00\",\"breadcrumb\":{\"@id\":\"https:\/\/smoothstar.cl\/product\/32-5%e2%80%b3-filipe-toledo-77-thd\/#breadcrumb\"},\"inLanguage\":\"es-CL\",\"potentialAction\":[{\"@type\":\"ReadAction\",\"target\":[\"https:\/\/smoothstar.cl\/product\/32-5%e2%80%b3-filipe-toledo-77-thd\/\"]}]},{\"@type\":\"BreadcrumbList\",\"@id\":\"https:\/\/smoothstar.cl\/product\/32-5%e2%80%b3-filipe-toledo-77-thd\/#breadcrumb\",\"itemListElement\":[{\"@type\":\"ListItem\",\"position\":1,\"name\":\"Home\",\"item\":\"https:\/\/chile.tempurl.host\/\"},{\"@type\":\"ListItem\",\"position\":2,\"name\":\"Shop\",\"item\":\"https:\/\/chile.tempurl.host\/shop\/\"},{\"@type\":\"ListItem\",\"position\":3,\"name\":\"32.5\u2033 Filipe Toledo #77 THD\"}]},{\"@type\":\"WebSite\",\"@id\":\"https:\/\/chile.tempurl.host\/#website\",\"url\":\"https:\/\/chile.tempurl.host\/\",\"name\":\"SmoothStar Chile\",\"description\":\"Chile\",\"publisher\":{\"@id\":\"https:\/\/chile.tempurl.host\/#organization\"},\"potentialAction\":[{\"@type\":\"SearchAction\",\"target\":{\"@type\":\"EntryPoint\",\"urlTemplate\":\"https:\/\/chile.tempurl.host\/?s={search_term_string}\"},\"query-input\":\"required name=search_term_string\"}],\"inLanguage\":\"es-CL\"},{\"@type\":\"Organization\",\"@id\":\"https:\/\/chile.tempurl.host\/#organization\",\"name\":\"SmoothStar Europe s.r.o.\",\"url\":\"https:\/\/chile.tempurl.host\/\",\"logo\":{\"@type\":\"ImageObject\",\"inLanguage\":\"es-CL\",\"@id\":\"https:\/\/chile.tempurl.host\/#\/schema\/logo\/image\/\",\"url\":\"https:\/\/smoothstar.cl\/wp-content\/uploads\/2021\/05\/smoothstar-square-pixel.png\",\"contentUrl\":\"https:\/\/smoothstar.cl\/wp-content\/uploads\/2021\/05\/smoothstar-square-pixel.png\",\"width\":512,\"height\":512,\"caption\":\"SmoothStar Europe s.r.o.\"},\"image\":{\"@id\":\"https:\/\/chile.tempurl.host\/#\/schema\/logo\/image\/\"},\"sameAs\":[\"https:\/\/www.facebook.com\/smoothstarskate\/\",\"https:\/\/www.instagram.com\/smoothstar\/\",\"https:\/\/www.youtube.com\/channel\/UCVqOqnZWdnEkF75C-27ApnQ\"]}]}<\/script>\n<!-- \/ Yoast SEO plugin. -->","yoast_head_json":{"title":"32.5\u2033 Filipe Toledo #77 THD | SmoothStar Chile","robots":{"index":"index","follow":"follow","max-snippet":"max-snippet:-1","max-image-preview":"max-image-preview:large","max-video-preview":"max-video-preview:-1"},"canonical":"https:\/\/smoothstar.cl\/es\/producto\/32-5\u2033-filipe-toledo-77-thd\/","og_locale":"es_ES","og_type":"article","og_title":"32.5\u2033 Filipe Toledo #77 THD | SmoothStar Chile","og_description":"Is this SmoothStar right for me?  The 32.5\u2033 Toledo 77 model is perfect for surfers around the 5\u20336\u2032 (167cm) to 6\u2033 (182cm) in height.. It will hold rail turns without sliding out for surfers that are under 85kg. It has the deeper concave in the deck which provides more ability to hold the rail when carving. It shares the same concave as the 31.5\u2033 and 34.5\u2033 models.","og_url":"https:\/\/smoothstar.cl\/es\/producto\/32-5\u2033-filipe-toledo-77-thd\/","og_site_name":"SmoothStar Chile","article_publisher":"https:\/\/www.facebook.com\/smoothstarskate\/","article_modified_time":"2025-12-18T13:41:05+00:00","og_image":[{"width":1600,"height":1600,"url":"https:\/\/smoothstar.cl\/wp-content\/uploads\/2023\/02\/LR_smoothstar_surfskate_surf_trainer_32_5_filipe_toledo_77_HR.jpg","type":"image\/jpeg"}],"twitter_card":"summary_large_image","twitter_misc":{"Est. reading time":"1 minuto"},"schema":{"@context":"https:\/\/schema.org","@graph":[{"@type":"WebPage","@id":"https:\/\/smoothstar.cl\/product\/32-5%e2%80%b3-filipe-toledo-77-thd\/","url":"https:\/\/smoothstar.cl\/product\/32-5%e2%80%b3-filipe-toledo-77-thd\/","name":"32.5\u2033 Filipe Toledo #77 THD | SmoothStar Chile","isPartOf":{"@id":"https:\/\/chile.tempurl.host\/#website"},"datePublished":"2022-12-11T16:01:46+00:00","dateModified":"2025-12-18T13:41:05+00:00","breadcrumb":{"@id":"https:\/\/smoothstar.cl\/product\/32-5%e2%80%b3-filipe-toledo-77-thd\/#breadcrumb"},"inLanguage":"es-CL","potentialAction":[{"@type":"ReadAction","target":["https:\/\/smoothstar.cl\/product\/32-5%e2%80%b3-filipe-toledo-77-thd\/"]}]},{"@type":"BreadcrumbList","@id":"https:\/\/smoothstar.cl\/product\/32-5%e2%80%b3-filipe-toledo-77-thd\/#breadcrumb","itemListElement":[{"@type":"ListItem","position":1,"name":"Home","item":"https:\/\/chile.tempurl.host\/"},{"@type":"ListItem","position":2,"name":"Shop","item":"https:\/\/chile.tempurl.host\/shop\/"},{"@type":"ListItem","position":3,"name":"32.5\u2033 Filipe Toledo #77 THD"}]},{"@type":"WebSite","@id":"https:\/\/chile.tempurl.host\/#website","url":"https:\/\/chile.tempurl.host\/","name":"SmoothStar Chile","description":"Chile","publisher":{"@id":"https:\/\/chile.tempurl.host\/#organization"},"potentialAction":[{"@type":"SearchAction","target":{"@type":"EntryPoint","urlTemplate":"https:\/\/chile.tempurl.host\/?s={search_term_string}"},"query-input":"required name=search_term_string"}],"inLanguage":"es-CL"},{"@type":"Organization","@id":"https:\/\/chile.tempurl.host\/#organization","name":"SmoothStar Europe s.r.o.","url":"https:\/\/chile.tempurl.host\/","logo":{"@type":"ImageObject","inLanguage":"es-CL","@id":"https:\/\/chile.tempurl.host\/#\/schema\/logo\/image\/","url":"https:\/\/smoothstar.cl\/wp-content\/uploads\/2021\/05\/smoothstar-square-pixel.png","contentUrl":"https:\/\/smoothstar.cl\/wp-content\/uploads\/2021\/05\/smoothstar-square-pixel.png","width":512,"height":512,"caption":"SmoothStar Europe s.r.o."},"image":{"@id":"https:\/\/chile.tempurl.host\/#\/schema\/logo\/image\/"},"sameAs":["https:\/\/www.facebook.com\/smoothstarskate\/","https:\/\/www.instagram.com\/smoothstar\/","https:\/\/www.youtube.com\/channel\/UCVqOqnZWdnEkF75C-27ApnQ"]}]}},"_links":{"self":[{"href":"https:\/\/smoothstar.cl\/es\/wp-json\/wp\/v2\/product\/17020"}],"collection":[{"href":"https:\/\/smoothstar.cl\/es\/wp-json\/wp\/v2\/product"}],"about":[{"href":"https:\/\/smoothstar.cl\/es\/wp-json\/wp\/v2\/types\/product"}],"wp:featuredmedia":[{"embeddable":true,"href":"https:\/\/smoothstar.cl\/es\/wp-json\/wp\/v2\/media\/16413"}],"wp:attachment":[{"href":"https:\/\/smoothstar.cl\/es\/wp-json\/wp\/v2\/media?parent=17020"}],"wp:term":[{"taxonomy":"product_cat","embeddable":true,"href":"https:\/\/smoothstar.cl\/es\/wp-json\/wp\/v2\/product_cat?post=17020"},{"taxonomy":"product_tag","embeddable":true,"href":"https:\/\/smoothstar.cl\/es\/wp-json\/wp\/v2\/product_tag?post=17020"}],"curies":[{"name":"wp","href":"https:\/\/api.w.org\/{rel}","templated":true}]}}