{"id":16998,"date":"2022-12-11T12:52:05","date_gmt":"2022-12-11T15:52:05","guid":{"rendered":"https:\/\/smoothstar.cl\/product\/31-5%e2%80%b3-holy-toledo-thd\/"},"modified":"2026-03-21T20:37:37","modified_gmt":"2026-03-21T23:37:37","slug":"31-5%e2%80%b3-holy-toledo-thd","status":"publish","type":"product","link":"https:\/\/smoothstar.cl\/es\/producto\/31-5%e2%80%b3-holy-toledo-thd\/","title":{"rendered":"31.5\u2033 Santo Toledo THD"},"content":{"rendered":"","protected":false},"excerpt":{"rendered":"<p><strong>\u00bfEs este SmoothStar adecuado para m\u00ed?<\/strong><\/p>\n<p>La Holy Toledo de 31,5\" es adecuada para surfistas adolescentes y adultos de 162 cm a 177 cm de altura. La Holy Toledo de 31,5\" es la versi\u00f3n renovada del primer modelo SmoothStar de Filipe Toledo cuando ten\u00eda 17 a\u00f1os. La 31.5\" tiene un c\u00f3ncavo poco profundo y es adecuada para surfistas que desean bombear y generar velocidad en secciones planas. La Toledo de 31,5\" tambi\u00e9n se considera la tabla superior a la Flying Fish de 30\", ya que comparte el mismo perfil c\u00f3ncavo pero tiene m\u00e1s anchura, longitud y distancia entre ejes.<\/p>","protected":false},"featured_media":16387,"template":"","meta":[],"product_cat":[179,17,176,173],"product_tag":[],"acf":[],"yoast_head":"<!-- This site is optimized with the Yoast SEO plugin v20.2 - https:\/\/yoast.com\/wordpress\/plugins\/seo\/ -->\n<title>31.5\u2033 Holy Toledo THD | SmoothStar Chile<\/title>\n<meta name=\"robots\" content=\"index, follow, max-snippet:-1, max-image-preview:large, max-video-preview:-1\" \/>\n<link rel=\"canonical\" href=\"https:\/\/smoothstar.cl\/es\/producto\/31-5\u2033-holy-toledo-thd\/\" \/>\n<meta property=\"og:locale\" content=\"es_ES\" \/>\n<meta property=\"og:type\" content=\"article\" \/>\n<meta property=\"og:title\" content=\"31.5\u2033 Holy Toledo THD | SmoothStar Chile\" \/>\n<meta property=\"og:description\" content=\"Is this SmoothStar right for me?  The 31.5\u201d Holy Toledo is suited to teenage to adult surfers 5\u201d4\u2019 \u2013 5\u201d10\u2019 (162cm \u2013 177cm) in height. The 31.5\u201d Holy Toledo is the a revamped version of Filipe Toledo&#039;s first SmoothStar model when he was 17 years of age. The 31.5\u201d has a shallow concave and is suited to surfers who wish to pump and generate speed on flat sections. The 31.5\u201d Toledo is also considered the step up board from the 30\u201d Flying Fish, as it shares the same concave profile but has more width, length, and wheelbase.\" \/>\n<meta property=\"og:url\" content=\"https:\/\/smoothstar.cl\/es\/producto\/31-5\u2033-holy-toledo-thd\/\" \/>\n<meta property=\"og:site_name\" content=\"SmoothStar Chile\" \/>\n<meta property=\"article:publisher\" content=\"https:\/\/www.facebook.com\/smoothstarskate\/\" \/>\n<meta property=\"article:modified_time\" content=\"2026-03-21T23:37:37+00:00\" \/>\n<meta property=\"og:image\" content=\"https:\/\/smoothstar.cl\/wp-content\/uploads\/2023\/02\/LR_smoothstar_surfskate_surf_trainer_31_5_holy_toledo_complete_side_all_view.jpg\" \/>\n\t<meta property=\"og:image:width\" content=\"1600\" \/>\n\t<meta property=\"og:image:height\" content=\"1600\" \/>\n\t<meta property=\"og:image:type\" content=\"image\/jpeg\" \/>\n<meta name=\"twitter:card\" content=\"summary_large_image\" \/>\n<script type=\"application\/ld+json\" class=\"yoast-schema-graph\">{\"@context\":\"https:\/\/schema.org\",\"@graph\":[{\"@type\":\"WebPage\",\"@id\":\"https:\/\/smoothstar.cl\/product\/31-5%e2%80%b3-holy-toledo-thd\/\",\"url\":\"https:\/\/smoothstar.cl\/product\/31-5%e2%80%b3-holy-toledo-thd\/\",\"name\":\"31.5\u2033 Holy Toledo THD | SmoothStar Chile\",\"isPartOf\":{\"@id\":\"https:\/\/chile.tempurl.host\/#website\"},\"datePublished\":\"2022-12-11T15:52:05+00:00\",\"dateModified\":\"2026-03-21T23:37:37+00:00\",\"breadcrumb\":{\"@id\":\"https:\/\/smoothstar.cl\/product\/31-5%e2%80%b3-holy-toledo-thd\/#breadcrumb\"},\"inLanguage\":\"es-CL\",\"potentialAction\":[{\"@type\":\"ReadAction\",\"target\":[\"https:\/\/smoothstar.cl\/product\/31-5%e2%80%b3-holy-toledo-thd\/\"]}]},{\"@type\":\"BreadcrumbList\",\"@id\":\"https:\/\/smoothstar.cl\/product\/31-5%e2%80%b3-holy-toledo-thd\/#breadcrumb\",\"itemListElement\":[{\"@type\":\"ListItem\",\"position\":1,\"name\":\"Home\",\"item\":\"https:\/\/chile.tempurl.host\/\"},{\"@type\":\"ListItem\",\"position\":2,\"name\":\"Shop\",\"item\":\"https:\/\/chile.tempurl.host\/shop\/\"},{\"@type\":\"ListItem\",\"position\":3,\"name\":\"31.5\u2033 Holy Toledo THD\"}]},{\"@type\":\"WebSite\",\"@id\":\"https:\/\/chile.tempurl.host\/#website\",\"url\":\"https:\/\/chile.tempurl.host\/\",\"name\":\"SmoothStar Chile\",\"description\":\"Chile\",\"publisher\":{\"@id\":\"https:\/\/chile.tempurl.host\/#organization\"},\"potentialAction\":[{\"@type\":\"SearchAction\",\"target\":{\"@type\":\"EntryPoint\",\"urlTemplate\":\"https:\/\/chile.tempurl.host\/?s={search_term_string}\"},\"query-input\":\"required name=search_term_string\"}],\"inLanguage\":\"es-CL\"},{\"@type\":\"Organization\",\"@id\":\"https:\/\/chile.tempurl.host\/#organization\",\"name\":\"SmoothStar Europe s.r.o.\",\"url\":\"https:\/\/chile.tempurl.host\/\",\"logo\":{\"@type\":\"ImageObject\",\"inLanguage\":\"es-CL\",\"@id\":\"https:\/\/chile.tempurl.host\/#\/schema\/logo\/image\/\",\"url\":\"https:\/\/smoothstar.cl\/wp-content\/uploads\/2021\/05\/smoothstar-square-pixel.png\",\"contentUrl\":\"https:\/\/smoothstar.cl\/wp-content\/uploads\/2021\/05\/smoothstar-square-pixel.png\",\"width\":512,\"height\":512,\"caption\":\"SmoothStar Europe s.r.o.\"},\"image\":{\"@id\":\"https:\/\/chile.tempurl.host\/#\/schema\/logo\/image\/\"},\"sameAs\":[\"https:\/\/www.facebook.com\/smoothstarskate\/\",\"https:\/\/www.instagram.com\/smoothstar\/\",\"https:\/\/www.youtube.com\/channel\/UCVqOqnZWdnEkF75C-27ApnQ\"]}]}<\/script>\n<!-- \/ Yoast SEO plugin. -->","yoast_head_json":{"title":"31.5\u2033 Holy Toledo THD | SmoothStar Chile","robots":{"index":"index","follow":"follow","max-snippet":"max-snippet:-1","max-image-preview":"max-image-preview:large","max-video-preview":"max-video-preview:-1"},"canonical":"https:\/\/smoothstar.cl\/es\/producto\/31-5\u2033-holy-toledo-thd\/","og_locale":"es_ES","og_type":"article","og_title":"31.5\u2033 Holy Toledo THD | SmoothStar Chile","og_description":"Is this SmoothStar right for me?  The 31.5\u201d Holy Toledo is suited to teenage to adult surfers 5\u201d4\u2019 \u2013 5\u201d10\u2019 (162cm \u2013 177cm) in height. The 31.5\u201d Holy Toledo is the a revamped version of Filipe Toledo's first SmoothStar model when he was 17 years of age. The 31.5\u201d has a shallow concave and is suited to surfers who wish to pump and generate speed on flat sections. The 31.5\u201d Toledo is also considered the step up board from the 30\u201d Flying Fish, as it shares the same concave profile but has more width, length, and wheelbase.","og_url":"https:\/\/smoothstar.cl\/es\/producto\/31-5\u2033-holy-toledo-thd\/","og_site_name":"SmoothStar Chile","article_publisher":"https:\/\/www.facebook.com\/smoothstarskate\/","article_modified_time":"2026-03-21T23:37:37+00:00","og_image":[{"width":1600,"height":1600,"url":"https:\/\/smoothstar.cl\/wp-content\/uploads\/2023\/02\/LR_smoothstar_surfskate_surf_trainer_31_5_holy_toledo_complete_side_all_view.jpg","type":"image\/jpeg"}],"twitter_card":"summary_large_image","schema":{"@context":"https:\/\/schema.org","@graph":[{"@type":"WebPage","@id":"https:\/\/smoothstar.cl\/product\/31-5%e2%80%b3-holy-toledo-thd\/","url":"https:\/\/smoothstar.cl\/product\/31-5%e2%80%b3-holy-toledo-thd\/","name":"31.5\u2033 Holy Toledo THD | SmoothStar Chile","isPartOf":{"@id":"https:\/\/chile.tempurl.host\/#website"},"datePublished":"2022-12-11T15:52:05+00:00","dateModified":"2026-03-21T23:37:37+00:00","breadcrumb":{"@id":"https:\/\/smoothstar.cl\/product\/31-5%e2%80%b3-holy-toledo-thd\/#breadcrumb"},"inLanguage":"es-CL","potentialAction":[{"@type":"ReadAction","target":["https:\/\/smoothstar.cl\/product\/31-5%e2%80%b3-holy-toledo-thd\/"]}]},{"@type":"BreadcrumbList","@id":"https:\/\/smoothstar.cl\/product\/31-5%e2%80%b3-holy-toledo-thd\/#breadcrumb","itemListElement":[{"@type":"ListItem","position":1,"name":"Home","item":"https:\/\/chile.tempurl.host\/"},{"@type":"ListItem","position":2,"name":"Shop","item":"https:\/\/chile.tempurl.host\/shop\/"},{"@type":"ListItem","position":3,"name":"31.5\u2033 Holy Toledo THD"}]},{"@type":"WebSite","@id":"https:\/\/chile.tempurl.host\/#website","url":"https:\/\/chile.tempurl.host\/","name":"SmoothStar Chile","description":"Chile","publisher":{"@id":"https:\/\/chile.tempurl.host\/#organization"},"potentialAction":[{"@type":"SearchAction","target":{"@type":"EntryPoint","urlTemplate":"https:\/\/chile.tempurl.host\/?s={search_term_string}"},"query-input":"required name=search_term_string"}],"inLanguage":"es-CL"},{"@type":"Organization","@id":"https:\/\/chile.tempurl.host\/#organization","name":"SmoothStar Europe s.r.o.","url":"https:\/\/chile.tempurl.host\/","logo":{"@type":"ImageObject","inLanguage":"es-CL","@id":"https:\/\/chile.tempurl.host\/#\/schema\/logo\/image\/","url":"https:\/\/smoothstar.cl\/wp-content\/uploads\/2021\/05\/smoothstar-square-pixel.png","contentUrl":"https:\/\/smoothstar.cl\/wp-content\/uploads\/2021\/05\/smoothstar-square-pixel.png","width":512,"height":512,"caption":"SmoothStar Europe s.r.o."},"image":{"@id":"https:\/\/chile.tempurl.host\/#\/schema\/logo\/image\/"},"sameAs":["https:\/\/www.facebook.com\/smoothstarskate\/","https:\/\/www.instagram.com\/smoothstar\/","https:\/\/www.youtube.com\/channel\/UCVqOqnZWdnEkF75C-27ApnQ"]}]}},"_links":{"self":[{"href":"https:\/\/smoothstar.cl\/es\/wp-json\/wp\/v2\/product\/16998"}],"collection":[{"href":"https:\/\/smoothstar.cl\/es\/wp-json\/wp\/v2\/product"}],"about":[{"href":"https:\/\/smoothstar.cl\/es\/wp-json\/wp\/v2\/types\/product"}],"wp:featuredmedia":[{"embeddable":true,"href":"https:\/\/smoothstar.cl\/es\/wp-json\/wp\/v2\/media\/16387"}],"wp:attachment":[{"href":"https:\/\/smoothstar.cl\/es\/wp-json\/wp\/v2\/media?parent=16998"}],"wp:term":[{"taxonomy":"product_cat","embeddable":true,"href":"https:\/\/smoothstar.cl\/es\/wp-json\/wp\/v2\/product_cat?post=16998"},{"taxonomy":"product_tag","embeddable":true,"href":"https:\/\/smoothstar.cl\/es\/wp-json\/wp\/v2\/product_tag?post=16998"}],"curies":[{"name":"wp","href":"https:\/\/api.w.org\/{rel}","templated":true}]}}