{"id":16986,"date":"2022-12-11T12:49:33","date_gmt":"2022-12-11T15:49:33","guid":{"rendered":"https:\/\/smoothstar.cl\/product\/30%e2%80%b3-smoothstar-flying-fish-thd-purple\/"},"modified":"2026-03-18T08:46:44","modified_gmt":"2026-03-18T11:46:44","slug":"30%e2%80%b3-smoothstar-flying-fish-thd-purple","status":"publish","type":"product","link":"https:\/\/smoothstar.cl\/es\/producto\/30%e2%80%b3-smoothstar-flying-fish-thd-purple\/","title":{"rendered":"30\u2033 SmoothStar Flying Fish THD (p\u00farpura)"},"content":{"rendered":"","protected":false},"excerpt":{"rendered":"<h3>\u00bfEs este SmoothStar adecuado para m\u00ed?<\/h3>\n<p>La Flying Fish de 30\" es el modelo m\u00e1s popular entre los surfistas j\u00f3venes de 9 a 12 a\u00f1os. Es perfecto para los j\u00f3venes surfistas que quieren progresar en el surf. Los surfistas de esta edad suelen empezar a adquirir m\u00e1s confianza y a ganar fuerza en su cuerpo, por lo que la Flying Fish es la opci\u00f3n perfecta. Responde perfectamente al movimiento del cuerpo e imita los giros del surf.<\/p>","protected":false},"featured_media":16374,"template":"","meta":[],"product_cat":[178,17,176,173],"product_tag":[],"acf":[],"yoast_head":"<!-- This site is optimized with the Yoast SEO plugin v20.2 - https:\/\/yoast.com\/wordpress\/plugins\/seo\/ -->\n<title>30\u2033 SmoothStar Flying Fish THD (Purple) | SmoothStar Chile<\/title>\n<meta name=\"robots\" content=\"index, follow, max-snippet:-1, max-image-preview:large, max-video-preview:-1\" \/>\n<link rel=\"canonical\" href=\"https:\/\/smoothstar.cl\/es\/producto\/30\u2033-smoothstar-flying-fish-thd-purple\/\" \/>\n<meta property=\"og:locale\" content=\"es_ES\" \/>\n<meta property=\"og:type\" content=\"article\" \/>\n<meta property=\"og:title\" content=\"30\u2033 SmoothStar Flying Fish THD (Purple) | SmoothStar Chile\" \/>\n<meta property=\"og:description\" content=\"Is this SmoothStar right for me? The 30\u201d Flying Fish is the most popular model for surf groms aged 9 \u2013 12 years. It is perfect for young surf groms who want to progress their surfing. Surfers of this age typically start to gain more confidence and gain strength in their body, so the Flying Fish is the perfect fit. It responds perfectly to body movement and mimics surf turns.\" \/>\n<meta property=\"og:url\" content=\"https:\/\/smoothstar.cl\/es\/producto\/30\u2033-smoothstar-flying-fish-thd-purple\/\" \/>\n<meta property=\"og:site_name\" content=\"SmoothStar Chile\" \/>\n<meta property=\"article:publisher\" content=\"https:\/\/www.facebook.com\/smoothstarskate\/\" \/>\n<meta property=\"article:modified_time\" content=\"2026-03-18T11:46:44+00:00\" \/>\n<meta property=\"og:image\" content=\"https:\/\/smoothstar.cl\/wp-content\/uploads\/2023\/02\/LR_smoothstar_surfskate_surf_trainer_30_purple_flying_fish_complete_side_all_view.jpg\" \/>\n\t<meta property=\"og:image:width\" content=\"1600\" \/>\n\t<meta property=\"og:image:height\" content=\"1600\" \/>\n\t<meta property=\"og:image:type\" content=\"image\/jpeg\" \/>\n<meta name=\"twitter:card\" content=\"summary_large_image\" \/>\n<script type=\"application\/ld+json\" class=\"yoast-schema-graph\">{\"@context\":\"https:\/\/schema.org\",\"@graph\":[{\"@type\":\"WebPage\",\"@id\":\"https:\/\/smoothstar.cl\/product\/30%e2%80%b3-smoothstar-flying-fish-thd-purple\/\",\"url\":\"https:\/\/smoothstar.cl\/product\/30%e2%80%b3-smoothstar-flying-fish-thd-purple\/\",\"name\":\"30\u2033 SmoothStar Flying Fish THD (Purple) | SmoothStar Chile\",\"isPartOf\":{\"@id\":\"https:\/\/chile.tempurl.host\/#website\"},\"datePublished\":\"2022-12-11T15:49:33+00:00\",\"dateModified\":\"2026-03-18T11:46:44+00:00\",\"breadcrumb\":{\"@id\":\"https:\/\/smoothstar.cl\/product\/30%e2%80%b3-smoothstar-flying-fish-thd-purple\/#breadcrumb\"},\"inLanguage\":\"es-CL\",\"potentialAction\":[{\"@type\":\"ReadAction\",\"target\":[\"https:\/\/smoothstar.cl\/product\/30%e2%80%b3-smoothstar-flying-fish-thd-purple\/\"]}]},{\"@type\":\"BreadcrumbList\",\"@id\":\"https:\/\/smoothstar.cl\/product\/30%e2%80%b3-smoothstar-flying-fish-thd-purple\/#breadcrumb\",\"itemListElement\":[{\"@type\":\"ListItem\",\"position\":1,\"name\":\"Home\",\"item\":\"https:\/\/chile.tempurl.host\/\"},{\"@type\":\"ListItem\",\"position\":2,\"name\":\"Shop\",\"item\":\"https:\/\/chile.tempurl.host\/shop\/\"},{\"@type\":\"ListItem\",\"position\":3,\"name\":\"30\u2033 SmoothStar Flying Fish THD (Purple)\"}]},{\"@type\":\"WebSite\",\"@id\":\"https:\/\/chile.tempurl.host\/#website\",\"url\":\"https:\/\/chile.tempurl.host\/\",\"name\":\"SmoothStar Chile\",\"description\":\"Chile\",\"publisher\":{\"@id\":\"https:\/\/chile.tempurl.host\/#organization\"},\"potentialAction\":[{\"@type\":\"SearchAction\",\"target\":{\"@type\":\"EntryPoint\",\"urlTemplate\":\"https:\/\/chile.tempurl.host\/?s={search_term_string}\"},\"query-input\":\"required name=search_term_string\"}],\"inLanguage\":\"es-CL\"},{\"@type\":\"Organization\",\"@id\":\"https:\/\/chile.tempurl.host\/#organization\",\"name\":\"SmoothStar Europe s.r.o.\",\"url\":\"https:\/\/chile.tempurl.host\/\",\"logo\":{\"@type\":\"ImageObject\",\"inLanguage\":\"es-CL\",\"@id\":\"https:\/\/chile.tempurl.host\/#\/schema\/logo\/image\/\",\"url\":\"https:\/\/smoothstar.cl\/wp-content\/uploads\/2021\/05\/smoothstar-square-pixel.png\",\"contentUrl\":\"https:\/\/smoothstar.cl\/wp-content\/uploads\/2021\/05\/smoothstar-square-pixel.png\",\"width\":512,\"height\":512,\"caption\":\"SmoothStar Europe s.r.o.\"},\"image\":{\"@id\":\"https:\/\/chile.tempurl.host\/#\/schema\/logo\/image\/\"},\"sameAs\":[\"https:\/\/www.facebook.com\/smoothstarskate\/\",\"https:\/\/www.instagram.com\/smoothstar\/\",\"https:\/\/www.youtube.com\/channel\/UCVqOqnZWdnEkF75C-27ApnQ\"]}]}<\/script>\n<!-- \/ Yoast SEO plugin. -->","yoast_head_json":{"title":"30\u2033 SmoothStar Flying Fish THD (Purple) | SmoothStar Chile","robots":{"index":"index","follow":"follow","max-snippet":"max-snippet:-1","max-image-preview":"max-image-preview:large","max-video-preview":"max-video-preview:-1"},"canonical":"https:\/\/smoothstar.cl\/es\/producto\/30\u2033-smoothstar-flying-fish-thd-purple\/","og_locale":"es_ES","og_type":"article","og_title":"30\u2033 SmoothStar Flying Fish THD (Purple) | SmoothStar Chile","og_description":"Is this SmoothStar right for me? The 30\u201d Flying Fish is the most popular model for surf groms aged 9 \u2013 12 years. It is perfect for young surf groms who want to progress their surfing. Surfers of this age typically start to gain more confidence and gain strength in their body, so the Flying Fish is the perfect fit. It responds perfectly to body movement and mimics surf turns.","og_url":"https:\/\/smoothstar.cl\/es\/producto\/30\u2033-smoothstar-flying-fish-thd-purple\/","og_site_name":"SmoothStar Chile","article_publisher":"https:\/\/www.facebook.com\/smoothstarskate\/","article_modified_time":"2026-03-18T11:46:44+00:00","og_image":[{"width":1600,"height":1600,"url":"https:\/\/smoothstar.cl\/wp-content\/uploads\/2023\/02\/LR_smoothstar_surfskate_surf_trainer_30_purple_flying_fish_complete_side_all_view.jpg","type":"image\/jpeg"}],"twitter_card":"summary_large_image","schema":{"@context":"https:\/\/schema.org","@graph":[{"@type":"WebPage","@id":"https:\/\/smoothstar.cl\/product\/30%e2%80%b3-smoothstar-flying-fish-thd-purple\/","url":"https:\/\/smoothstar.cl\/product\/30%e2%80%b3-smoothstar-flying-fish-thd-purple\/","name":"30\u2033 SmoothStar Flying Fish THD (Purple) | SmoothStar Chile","isPartOf":{"@id":"https:\/\/chile.tempurl.host\/#website"},"datePublished":"2022-12-11T15:49:33+00:00","dateModified":"2026-03-18T11:46:44+00:00","breadcrumb":{"@id":"https:\/\/smoothstar.cl\/product\/30%e2%80%b3-smoothstar-flying-fish-thd-purple\/#breadcrumb"},"inLanguage":"es-CL","potentialAction":[{"@type":"ReadAction","target":["https:\/\/smoothstar.cl\/product\/30%e2%80%b3-smoothstar-flying-fish-thd-purple\/"]}]},{"@type":"BreadcrumbList","@id":"https:\/\/smoothstar.cl\/product\/30%e2%80%b3-smoothstar-flying-fish-thd-purple\/#breadcrumb","itemListElement":[{"@type":"ListItem","position":1,"name":"Home","item":"https:\/\/chile.tempurl.host\/"},{"@type":"ListItem","position":2,"name":"Shop","item":"https:\/\/chile.tempurl.host\/shop\/"},{"@type":"ListItem","position":3,"name":"30\u2033 SmoothStar Flying Fish THD (Purple)"}]},{"@type":"WebSite","@id":"https:\/\/chile.tempurl.host\/#website","url":"https:\/\/chile.tempurl.host\/","name":"SmoothStar Chile","description":"Chile","publisher":{"@id":"https:\/\/chile.tempurl.host\/#organization"},"potentialAction":[{"@type":"SearchAction","target":{"@type":"EntryPoint","urlTemplate":"https:\/\/chile.tempurl.host\/?s={search_term_string}"},"query-input":"required name=search_term_string"}],"inLanguage":"es-CL"},{"@type":"Organization","@id":"https:\/\/chile.tempurl.host\/#organization","name":"SmoothStar Europe s.r.o.","url":"https:\/\/chile.tempurl.host\/","logo":{"@type":"ImageObject","inLanguage":"es-CL","@id":"https:\/\/chile.tempurl.host\/#\/schema\/logo\/image\/","url":"https:\/\/smoothstar.cl\/wp-content\/uploads\/2021\/05\/smoothstar-square-pixel.png","contentUrl":"https:\/\/smoothstar.cl\/wp-content\/uploads\/2021\/05\/smoothstar-square-pixel.png","width":512,"height":512,"caption":"SmoothStar Europe s.r.o."},"image":{"@id":"https:\/\/chile.tempurl.host\/#\/schema\/logo\/image\/"},"sameAs":["https:\/\/www.facebook.com\/smoothstarskate\/","https:\/\/www.instagram.com\/smoothstar\/","https:\/\/www.youtube.com\/channel\/UCVqOqnZWdnEkF75C-27ApnQ"]}]}},"_links":{"self":[{"href":"https:\/\/smoothstar.cl\/es\/wp-json\/wp\/v2\/product\/16986"}],"collection":[{"href":"https:\/\/smoothstar.cl\/es\/wp-json\/wp\/v2\/product"}],"about":[{"href":"https:\/\/smoothstar.cl\/es\/wp-json\/wp\/v2\/types\/product"}],"wp:featuredmedia":[{"embeddable":true,"href":"https:\/\/smoothstar.cl\/es\/wp-json\/wp\/v2\/media\/16374"}],"wp:attachment":[{"href":"https:\/\/smoothstar.cl\/es\/wp-json\/wp\/v2\/media?parent=16986"}],"wp:term":[{"taxonomy":"product_cat","embeddable":true,"href":"https:\/\/smoothstar.cl\/es\/wp-json\/wp\/v2\/product_cat?post=16986"},{"taxonomy":"product_tag","embeddable":true,"href":"https:\/\/smoothstar.cl\/es\/wp-json\/wp\/v2\/product_tag?post=16986"}],"curies":[{"name":"wp","href":"https:\/\/api.w.org\/{rel}","templated":true}]}}